{"id":1252,"date":"2024-07-25T11:58:18","date_gmt":"2024-07-25T08:58:18","guid":{"rendered":"https:\/\/ceramic.dev2.sdhost.eu\/product\/black-diamont\/"},"modified":"2024-07-25T12:50:50","modified_gmt":"2024-07-25T12:50:50","slug":"black-diamont","status":"publish","type":"product","link":"https:\/\/ceramic-care.com\/et\/toode\/black-diamont\/","title":{"rendered":"BLACK DIAMOND"},"content":{"rendered":"","protected":false},"excerpt":{"rendered":"<p>Uue p\u00f5lvkonna \u00fchekihiline lahendus<\/p>\n<p>\u2014 \u00dcle 9H k\u00f5vadustase<br \/>\n\u2014 Tugevad kriimustuskindlad omadused<br \/>\n\u2014 \u00dclitugev h\u00fcdrofoobne efekt ja veepunktide puudumine<br \/>\n\u2014 Suurep\u00e4rane ilmastiku-, UV- ja kuumuskindlus<br \/>\n\u2014 P\u00fcsiv kergesti puhastatav kaitsekiht<br \/>\n\u2014 Oks\u00fcdatsiooni ja korrosiooni t\u00f5ke<br \/>\n\u2014 N\u00e4htav v\u00e4rvitugevdamine ja s\u00fcgava l\u00e4ike viimistlus<\/p>\n","protected":false},"featured_media":1469,"comment_status":"open","ping_status":"closed","template":"","meta":[],"product_brand":[],"product_cat":[37],"product_tag":[],"class_list":{"0":"post-1252","1":"product","2":"type-product","3":"status-publish","4":"has-post-thumbnail","6":"product_cat-uncategorized-et","8":"first","9":"instock","10":"shipping-taxable","11":"purchasable","12":"product-type-simple"},"_links":{"self":[{"href":"https:\/\/ceramic-care.com\/et\/wp-json\/wp\/v2\/product\/1252","targetHints":{"allow":["GET"]}}],"collection":[{"href":"https:\/\/ceramic-care.com\/et\/wp-json\/wp\/v2\/product"}],"about":[{"href":"https:\/\/ceramic-care.com\/et\/wp-json\/wp\/v2\/types\/product"}],"replies":[{"embeddable":true,"href":"https:\/\/ceramic-care.com\/et\/wp-json\/wp\/v2\/comments?post=1252"}],"wp:featuredmedia":[{"embeddable":true,"href":"https:\/\/ceramic-care.com\/et\/wp-json\/wp\/v2\/media\/1469"}],"wp:attachment":[{"href":"https:\/\/ceramic-care.com\/et\/wp-json\/wp\/v2\/media?parent=1252"}],"wp:term":[{"taxonomy":"product_brand","embeddable":true,"href":"https:\/\/ceramic-care.com\/et\/wp-json\/wp\/v2\/product_brand?post=1252"},{"taxonomy":"product_cat","embeddable":true,"href":"https:\/\/ceramic-care.com\/et\/wp-json\/wp\/v2\/product_cat?post=1252"},{"taxonomy":"product_tag","embeddable":true,"href":"https:\/\/ceramic-care.com\/et\/wp-json\/wp\/v2\/product_tag?post=1252"}],"curies":[{"name":"wp","href":"https:\/\/api.w.org\/{rel}","templated":true}]}}