{"id":1254,"date":"2024-07-09T14:14:43","date_gmt":"2024-07-09T11:14:43","guid":{"rendered":"https:\/\/ceramic.dev2.sdhost.eu\/product\/hydro\/"},"modified":"2024-07-25T12:52:34","modified_gmt":"2024-07-25T12:52:34","slug":"hydro","status":"publish","type":"product","link":"https:\/\/ceramic-care.com\/et\/toode\/hydro\/","title":{"rendered":"HYDRO"},"content":{"rendered":"","protected":false},"excerpt":{"rendered":"<p>Kuni 36 kuud kaitset<\/p>\n<p>\u2014 Suurep\u00e4rane h\u00fcdrofoobne efekt ja veepunktide puudumine<br \/>\n\u2014 Suurep\u00e4rane vastupidavus ilmastikutingimustele, UV-kiirgusele ja kuumusele<br \/>\n\u2014 Lihtsasti puhastatav kaitsekiht<br \/>\n\u2014 Oks\u00fcdatsiooni ja korrosiooni t\u00f5ke<br \/>\n\u2014 N\u00e4htav v\u00e4rvi parandamine ja s\u00fcgava l\u00e4ikega viimistlus<br \/>\n\u2014 Loodud taluma karmides kliimatingimustes<\/p>\n","protected":false},"featured_media":1479,"comment_status":"open","ping_status":"closed","template":"","meta":[],"product_brand":[],"product_cat":[37],"product_tag":[],"class_list":{"0":"post-1254","1":"product","2":"type-product","3":"status-publish","4":"has-post-thumbnail","6":"product_cat-uncategorized-et","8":"first","9":"instock","10":"sale","11":"shipping-taxable","12":"purchasable","13":"product-type-simple"},"_links":{"self":[{"href":"https:\/\/ceramic-care.com\/et\/wp-json\/wp\/v2\/product\/1254","targetHints":{"allow":["GET"]}}],"collection":[{"href":"https:\/\/ceramic-care.com\/et\/wp-json\/wp\/v2\/product"}],"about":[{"href":"https:\/\/ceramic-care.com\/et\/wp-json\/wp\/v2\/types\/product"}],"replies":[{"embeddable":true,"href":"https:\/\/ceramic-care.com\/et\/wp-json\/wp\/v2\/comments?post=1254"}],"wp:featuredmedia":[{"embeddable":true,"href":"https:\/\/ceramic-care.com\/et\/wp-json\/wp\/v2\/media\/1479"}],"wp:attachment":[{"href":"https:\/\/ceramic-care.com\/et\/wp-json\/wp\/v2\/media?parent=1254"}],"wp:term":[{"taxonomy":"product_brand","embeddable":true,"href":"https:\/\/ceramic-care.com\/et\/wp-json\/wp\/v2\/product_brand?post=1254"},{"taxonomy":"product_cat","embeddable":true,"href":"https:\/\/ceramic-care.com\/et\/wp-json\/wp\/v2\/product_cat?post=1254"},{"taxonomy":"product_tag","embeddable":true,"href":"https:\/\/ceramic-care.com\/et\/wp-json\/wp\/v2\/product_tag?post=1254"}],"curies":[{"name":"wp","href":"https:\/\/api.w.org\/{rel}","templated":true}]}}