{"id":1256,"date":"2024-06-04T14:44:36","date_gmt":"2024-06-04T11:44:36","guid":{"rendered":"https:\/\/ceramic.dev2.sdhost.eu\/product\/mega-9h\/"},"modified":"2024-07-25T12:54:15","modified_gmt":"2024-07-25T12:54:15","slug":"mega-9h","status":"publish","type":"product","link":"https:\/\/ceramic-care.com\/et\/toode\/mega-9h\/","title":{"rendered":"MEGA 9H"},"content":{"rendered":"","protected":false},"excerpt":{"rendered":"<p>9H k\u00f5vadusega p\u00fcsiv kaitsekiht<\/p>\n<p>\u2014 Suurep\u00e4rased kriimustuskindlad omadused<br \/>\n\u2014 H\u00fcdrofoobne efekt ja veepunktide puudumine<br \/>\n\u2014 Suurep\u00e4rane ilmastiku-, UV- ja kuumuskindlus<br \/>\n\u2014 P\u00fcsiv kergesti puhastatav kaitsekiht<br \/>\n\u2014 Oks\u00fcdatsiooni ja korrosiooni t\u00f5ke<br \/>\n\u2014 N\u00e4htav v\u00e4rvitugevdamine ja s\u00fcgava l\u00e4ikega viimistlus<br \/>\n\u2014 Loodud taluma karmides kliimatingimustes<\/p>\n","protected":false},"featured_media":1482,"comment_status":"open","ping_status":"closed","template":"","meta":[],"product_brand":[],"product_cat":[37],"product_tag":[],"class_list":{"0":"post-1256","1":"product","2":"type-product","3":"status-publish","4":"has-post-thumbnail","6":"product_cat-uncategorized-et","8":"first","9":"instock","10":"shipping-taxable","11":"purchasable","12":"product-type-simple"},"_links":{"self":[{"href":"https:\/\/ceramic-care.com\/et\/wp-json\/wp\/v2\/product\/1256","targetHints":{"allow":["GET"]}}],"collection":[{"href":"https:\/\/ceramic-care.com\/et\/wp-json\/wp\/v2\/product"}],"about":[{"href":"https:\/\/ceramic-care.com\/et\/wp-json\/wp\/v2\/types\/product"}],"replies":[{"embeddable":true,"href":"https:\/\/ceramic-care.com\/et\/wp-json\/wp\/v2\/comments?post=1256"}],"wp:featuredmedia":[{"embeddable":true,"href":"https:\/\/ceramic-care.com\/et\/wp-json\/wp\/v2\/media\/1482"}],"wp:attachment":[{"href":"https:\/\/ceramic-care.com\/et\/wp-json\/wp\/v2\/media?parent=1256"}],"wp:term":[{"taxonomy":"product_brand","embeddable":true,"href":"https:\/\/ceramic-care.com\/et\/wp-json\/wp\/v2\/product_brand?post=1256"},{"taxonomy":"product_cat","embeddable":true,"href":"https:\/\/ceramic-care.com\/et\/wp-json\/wp\/v2\/product_cat?post=1256"},{"taxonomy":"product_tag","embeddable":true,"href":"https:\/\/ceramic-care.com\/et\/wp-json\/wp\/v2\/product_tag?post=1256"}],"curies":[{"name":"wp","href":"https:\/\/api.w.org\/{rel}","templated":true}]}}